{"id":101,"date":"2020-02-04T17:06:38","date_gmt":"2020-02-04T16:06:38","guid":{"rendered":"http:\/\/alteridees.be\/?page_id=101"},"modified":"2020-04-20T12:13:54","modified_gmt":"2020-04-20T10:13:54","slug":"alice-hublet","status":"publish","type":"page","link":"https:\/\/alteridees.be\/index.php\/alice-hublet\/","title":{"rendered":"Alice Hublet"},"content":{"rendered":"\n<div class=\"wp-block-media-text alignwide has-background is-stacked-on-mobile\" style=\"background-color:#fbe6ce;grid-template-columns:21% auto\"><figure class=\"wp-block-media-text__media\"><img loading=\"lazy\" decoding=\"async\" width=\"1007\" height=\"1024\" src=\"http:\/\/alteridees.be\/wp-content\/uploads\/2020\/02\/eleonoredegranges-1007x1024.jpg\" alt=\"\" class=\"wp-image-304\" srcset=\"https:\/\/alteridees.be\/wp-content\/uploads\/2020\/02\/eleonoredegranges-1007x1024.jpg 1007w, https:\/\/alteridees.be\/wp-content\/uploads\/2020\/02\/eleonoredegranges-295x300.jpg 295w, https:\/\/alteridees.be\/wp-content\/uploads\/2020\/02\/eleonoredegranges-768x781.jpg 768w\" sizes=\"auto, (max-width: 1007px) 100vw, 1007px\" \/><\/figure><div class=\"wp-block-media-text__content\">\n<h3 class=\"wp-block-heading\"><strong>M\u00e9diatrice agr\u00e9\u00e9e dans les mati\u00e8res civile, commerciale et sociale<\/strong><\/h3>\n\n\n\n<p><a href=\"mailto:alice.hublet@alteridees.be\">Alice.hublet@alteridees.be<\/a><\/p>\n\n\n\n<p>0475\/94.53.48<\/p>\n\n\n\n<p style=\"font-size:18px\">Bruxelles<\/p>\n\n\n\n<p style=\"font-size:14px\"><strong>Membre de l\u2019Union Belge des M\u00e9diateurs Professionnels (UBMP)<\/strong><\/p>\n<\/div><\/div>\n\n\n\n<h2 class=\"wp-block-heading\"><strong>Pourquoi venir me voir ?<\/strong><\/h2>\n\n\n\n<p>En\ntant que <strong>m\u00e9diatrice agr\u00e9\u00e9e en mati\u00e8res\ncivile, commerciale et sociale<\/strong>, enseignante exp\u00e9riment\u00e9e et m\u00e8re de quatre\nenfants, je propose diff\u00e9rents services autour de la m\u00e9diation&nbsp;: <\/p>\n\n\n\n<h3 class=\"has-text-align-center wp-block-heading\">Des <strong>s\u00e9ances de m\u00e9diations<\/strong><\/h3>\n\n\n\n<p>Je propose de recevoir des voisins, associ\u00e9s, coll\u00e8gues,\nprestataires\/client, propri\u00e9taire\/locataire\nqui sont en conflit et mon r\u00f4le\nsera d\u2019&nbsp;: <\/p>\n\n\n\n<ul class=\"wp-block-list\"><li><strong>Assurer un cadre<\/strong> lors de la rencontre des parties en conflit.<br> (confidentialit\u00e9, secret professionnel, principe du volontaire, interdit de violence, \u00e9quilibre)<\/li><li><strong>Accompagner<\/strong> les parties pour <strong>comprendre<\/strong> le conflit, le g\u00e9rer voire l\u2019exploiter, le plus efficacement possible.<\/li><li><strong>Encourager<\/strong> les parties \u00e0 <strong>l\u2019\u00e9laboration d\u2019un accord acceptable<\/strong> pour tous. Celui-ci pourrait \u00eatre homologu\u00e9 par un juge.<\/li><\/ul>\n\n\n\n<h3 class=\"has-text-align-center wp-block-heading\">D<strong>es <a href=\"http:\/\/alteridees.be\/index.php\/ateliers\/\">ateliers<\/a> que je peux co-animer avec<\/strong> <a href=\"http:\/\/alteridees.be\/index.php\/leslie-de-decker\/\">Leslie De Decker<\/a><\/h3>\n\n\n\n<ul class=\"wp-block-list\"><li>Les ateliers \u00ab&nbsp;sur mesure&nbsp;\u00bb permettront de faire entrer des outils de m\u00e9diation dans vos <strong>classes<\/strong>, votre <strong>\u00e9cole<\/strong> ou votre <strong>entreprise<\/strong>. <\/li><li>L<strong>es ateliers<\/strong> \u00ab&nbsp;\u00e9changes&nbsp;\u00bb permettront <strong>aux parents curieux de conna\u00eetre les outils de m\u00e9diation <\/strong>pour faciliter la compr\u00e9hension de l\u2019autre, le vivre ensemble et la gestion des conflits<strong> au sein de leur famille.<\/strong><\/li><\/ul>\n\n\n\n<h2 class=\"wp-block-heading\"><strong>Qui suis-je? <\/strong><\/h2>\n\n\n\n<p>Mon m\u00e9tier\nd\u2019enseignante ainsi que mon exp\u00e9rience de maman me donnent, depuis pr\u00e8s de 15\nans, l\u2019occasion d\u2019observer, d\u2019agir et m\u00eame de r\u00e9agir, dans des situations de\nconflits entre personnes. J\u2019ai pu constater que ces situations sont\nmajoritairement g\u00e9r\u00e9es par le prisme de la relation d\u2019autorit\u00e9. <\/p>\n\n\n\n<p>Or, \u00e9tant\nconvaincue que d\u2019autres moyens peuvent \u00eatre mis en \u0153uvre pour r\u00e9soudre des\nconflits, je me suis form\u00e9e pendant 2 ans \u00e0 la m\u00e9diation \u00e0 l\u2019Universit\u00e9 Saint\nLouis. <\/p>\n\n\n\n<p>La m\u00e9diation est une fa\u00e7on pour moi d\u2019accompagner les autres en leur offrant un temps d\u2019arr\u00eat pour d\u00e9cortiquer des situations qui sont v\u00e9cues difficilement et sont per\u00e7ues parfois comme sans issue.&nbsp; Le m\u00e9diateur par sa position neutre, ind\u00e9pendante et impartiale aidera les parties \u00e0 construire une solution qui leur convienne. <\/p>\n\n\n\n<p>C\u2019est dans cet esprit que j\u2019aide des\npersonnes en conflits afin qu\u2019elles puissent construire une solution viable\npour chaque partie.<\/p>\n","protected":false},"excerpt":{"rendered":"<p>M\u00e9diatrice agr\u00e9\u00e9e dans les mati\u00e8res civile, commerciale et sociale Alice.hublet@alteridees.be 0475\/94.53.48 Bruxelles Membre de l\u2019Union Belge des M\u00e9diateurs Professionnels (UBMP) Pourquoi venir me voir ? En tant que m\u00e9diatrice agr\u00e9\u00e9e en mati\u00e8res civile, commerciale et sociale, enseignante exp\u00e9riment\u00e9e et m\u00e8re de quatre enfants, je propose diff\u00e9rents services autour de la m\u00e9diation&nbsp;: Des s\u00e9ances de m\u00e9diations &hellip;<\/p>\n","protected":false},"author":1,"featured_media":0,"parent":0,"menu_order":0,"comment_status":"closed","ping_status":"closed","template":"","meta":{"footnotes":""},"class_list":["post-101","page","type-page","status-publish","hentry"],"_links":{"self":[{"href":"https:\/\/alteridees.be\/index.php\/wp-json\/wp\/v2\/pages\/101","targetHints":{"allow":["GET"]}}],"collection":[{"href":"https:\/\/alteridees.be\/index.php\/wp-json\/wp\/v2\/pages"}],"about":[{"href":"https:\/\/alteridees.be\/index.php\/wp-json\/wp\/v2\/types\/page"}],"author":[{"embeddable":true,"href":"https:\/\/alteridees.be\/index.php\/wp-json\/wp\/v2\/users\/1"}],"replies":[{"embeddable":true,"href":"https:\/\/alteridees.be\/index.php\/wp-json\/wp\/v2\/comments?post=101"}],"version-history":[{"count":18,"href":"https:\/\/alteridees.be\/index.php\/wp-json\/wp\/v2\/pages\/101\/revisions"}],"predecessor-version":[{"id":507,"href":"https:\/\/alteridees.be\/index.php\/wp-json\/wp\/v2\/pages\/101\/revisions\/507"}],"wp:attachment":[{"href":"https:\/\/alteridees.be\/index.php\/wp-json\/wp\/v2\/media?parent=101"}],"curies":[{"name":"wp","href":"https:\/\/api.w.org\/{rel}","templated":true}]}}