{"id":103,"date":"2020-02-04T17:06:38","date_gmt":"2020-02-04T16:06:38","guid":{"rendered":"http:\/\/alteridees.be\/?page_id=103"},"modified":"2020-04-20T22:35:15","modified_gmt":"2020-04-20T20:35:15","slug":"equipe","status":"publish","type":"page","link":"https:\/\/alteridees.be\/index.php\/equipe\/","title":{"rendered":"Notre \u00e9quipe"},"content":{"rendered":"\n<div class=\"wp-block-image\"><figure class=\"aligncenter is-resized\"><img loading=\"lazy\" decoding=\"async\" src=\"http:\/\/alteridees.be\/wp-content\/uploads\/2020\/02\/14112019-IMG_8509-1.jpg\" alt=\"Alice_Hublet.Eleonore_de_Granges.Leslie_de_decker.alteridees.be\" class=\"wp-image-166\" width=\"420\" height=\"280\" srcset=\"https:\/\/alteridees.be\/wp-content\/uploads\/2020\/02\/14112019-IMG_8509-1.jpg 5472w, https:\/\/alteridees.be\/wp-content\/uploads\/2020\/02\/14112019-IMG_8509-1-300x200.jpg 300w, https:\/\/alteridees.be\/wp-content\/uploads\/2020\/02\/14112019-IMG_8509-1-768x512.jpg 768w, https:\/\/alteridees.be\/wp-content\/uploads\/2020\/02\/14112019-IMG_8509-1-1024x683.jpg 1024w\" sizes=\"auto, (max-width: 420px) 100vw, 420px\" \/><\/figure><\/div>\n\n\n\n<h2 class=\"wp-block-heading\"><strong>M\u00e9diatrices\u2026<\/strong><\/h2>\n\n\n\n<p>Pour nous, \u00eatre m\u00e9diatrices, c\u2019est\noffrir \u00e0 chacun et chacune une \u00e9coute personnalis\u00e9e, dans le non-jugement et la\nlibert\u00e9. La m\u00e9diation, c\u2019est faire d\u2019un conflit une opportunit\u00e9 pour co-cr\u00e9er\nune r\u00e9alit\u00e9 b\u00e9n\u00e9fique o\u00f9 chacun puisse \u00eatre en lien avec sa v\u00e9rit\u00e9.<\/p>\n\n\n\n<p>Nous souhaitons donc vous offrir ce\nlieu o\u00f9 tout puisse se dire, pour aboutir \u00e0 un accord \u00ab&nbsp;sage&nbsp;\u00bb, qui\nconvienne \u00e0 chacun et chacune.<\/p>\n\n\n\n<h2 class=\"wp-block-heading\"><strong>Accords de m\u00e9diation\u2026 <\/strong><\/h2>\n\n\n\n<p>Nous sommes agr\u00e9\u00e9es par la <a rel=\"noreferrer noopener\" aria-label=\" (s\u2019ouvre dans un nouvel onglet)\" href=\"https:\/\/www.cfm-fbc.be\/fr\/content\/plus-value\" target=\"_blank\">commission f\u00e9d\u00e9rale de m\u00e9diation<\/a> et pouvons donc vous proposer de r\u00e9diger des accords de m\u00e9diation qui peuvent \u00eatre homologu\u00e9s par un juge.&nbsp; <\/p>\n\n\n\n<h2 class=\"wp-block-heading\"><strong>Qui sommes-nous\u2026<\/strong><\/h2>\n\n\n\n<ul class=\"wp-block-list\"><li><a href=\"http:\/\/alteridees.be\/index.php\/eleonore-de-granges\/\">El\u00e9onore de Granges<\/a>, m\u00e9diatrice familiale agr\u00e9\u00e9e et coach scolaire en m\u00e9thodologie.<\/li><li><a href=\"http:\/\/alteridees.be\/index.php\/leslie-de-decker\/\">Leslie De Decker<\/a>, m\u00e9diatrice familiale agr\u00e9\u00e9e, formatrice et animatrice d&rsquo;ateliers.<\/li><li><a href=\"http:\/\/alteridees.be\/index.php\/alice-hublet\/\">Alice Hublet<\/a>, m\u00e9diatrice agr\u00e9\u00e9e en mati\u00e8res civile, commerciale et sociale, organisatrice d\u2019ateliers sur-mesure pour insuffler un \u00ab\u00a0esprit m\u00e9diation\u00a0\u00bb dans votre groupe \u00e9cole, famille, entreprise.<\/li><\/ul>\n\n\n\n<p><\/p>\n","protected":false},"excerpt":{"rendered":"<p>M\u00e9diatrices\u2026 Pour nous, \u00eatre m\u00e9diatrices, c\u2019est offrir \u00e0 chacun et chacune une \u00e9coute personnalis\u00e9e, dans le non-jugement et la libert\u00e9. La m\u00e9diation, c\u2019est faire d\u2019un conflit une opportunit\u00e9 pour co-cr\u00e9er une r\u00e9alit\u00e9 b\u00e9n\u00e9fique o\u00f9 chacun puisse \u00eatre en lien avec sa v\u00e9rit\u00e9. Nous souhaitons donc vous offrir ce lieu o\u00f9 tout puisse se dire, pour &hellip;<\/p>\n","protected":false},"author":1,"featured_media":0,"parent":0,"menu_order":0,"comment_status":"closed","ping_status":"closed","template":"","meta":{"footnotes":""},"class_list":["post-103","page","type-page","status-publish","hentry"],"_links":{"self":[{"href":"https:\/\/alteridees.be\/index.php\/wp-json\/wp\/v2\/pages\/103","targetHints":{"allow":["GET"]}}],"collection":[{"href":"https:\/\/alteridees.be\/index.php\/wp-json\/wp\/v2\/pages"}],"about":[{"href":"https:\/\/alteridees.be\/index.php\/wp-json\/wp\/v2\/types\/page"}],"author":[{"embeddable":true,"href":"https:\/\/alteridees.be\/index.php\/wp-json\/wp\/v2\/users\/1"}],"replies":[{"embeddable":true,"href":"https:\/\/alteridees.be\/index.php\/wp-json\/wp\/v2\/comments?post=103"}],"version-history":[{"count":15,"href":"https:\/\/alteridees.be\/index.php\/wp-json\/wp\/v2\/pages\/103\/revisions"}],"predecessor-version":[{"id":510,"href":"https:\/\/alteridees.be\/index.php\/wp-json\/wp\/v2\/pages\/103\/revisions\/510"}],"wp:attachment":[{"href":"https:\/\/alteridees.be\/index.php\/wp-json\/wp\/v2\/media?parent=103"}],"curies":[{"name":"wp","href":"https:\/\/api.w.org\/{rel}","templated":true}]}}