{"id":195,"date":"2020-02-04T21:26:59","date_gmt":"2020-02-04T20:26:59","guid":{"rendered":"http:\/\/alteridees.be\/?page_id=195"},"modified":"2023-06-07T13:44:16","modified_gmt":"2023-06-07T11:44:16","slug":"accueil","status":"publish","type":"page","link":"https:\/\/alteridees.be\/","title":{"rendered":"Accueil"},"content":{"rendered":"\n<p><span><strong>Alter\u2019id\u00e9es<\/strong><b> <\/b><\/span>propose des <strong>services de <a href=\"http:\/\/alteridees.be\/index.php\/quest-ce-que-la-mediation\/\">m\u00e9diation<\/a> <\/strong>familiale, civile, commerciale et sociale ainsi que des ateliers personnalis\u00e9s \u00e0 <strong><em>Bruxelles<\/em><\/strong> et <strong><em>Arlon<\/em><\/strong>.<\/p>\n\n\n\n<ul class=\"wp-block-list\"><li><strong><a href=\"http:\/\/alteridees.be\/index.php\/mediation-familiale\/\">M\u00e9diation familiale<\/a> <\/strong>: divorce, s\u00e9paration, conflit parents\/adolescents, relations conflictuelles entre membres d\u2019une famille, relation avec les grands-parents, etc.<\/li><li><strong><a href=\"http:\/\/alteridees.be\/index.php\/mediation-civile-commerciale\/\">M\u00e9diation civile et commerciale<\/a><\/strong> : conflit li\u00e9 \u00e0 une divergence d\u2019opinion avec un client ou un fournisseur, litige entre actionnaires, difficult\u00e9 en rapport avec le logement, diff\u00e9rend lors du paiement d\u2019une facture ou d\u2019un \u00e9tat d\u2019honoraires, etc.<\/li><li><strong><a href=\"http:\/\/alteridees.be\/index.php\/mediation-sociale\/\">M\u00e9diation Sociale<\/a> <\/strong>: conflit dans le cadre des relations de travail<\/li><li><strong><a href=\"http:\/\/alteridees.be\/index.php\/ateliers\/\">Ateliers\/Formations<\/a><\/strong> sur-mesure  <\/li><\/ul>\n\n\n\n<p>Dans certains conflits, plusieurs de ces mati\u00e8res peuvent \u00eatre li\u00e9es.&nbsp; Nous pouvons alors <strong>combiner <\/strong>nos sp\u00e9cificit\u00e9s et proposer des co-m\u00e9diations. <\/p>\n","protected":false},"excerpt":{"rendered":"<p>Alter\u2019id\u00e9es propose des services de m\u00e9diation familiale, civile, commerciale et sociale ainsi que des ateliers personnalis\u00e9s \u00e0 Bruxelles et Arlon. M\u00e9diation familiale : divorce, s\u00e9paration, conflit parents\/adolescents, relations conflictuelles entre membres d\u2019une famille, relation avec les grands-parents, etc. M\u00e9diation civile et commerciale : conflit li\u00e9 \u00e0 une divergence d\u2019opinion avec un client ou un fournisseur, &hellip;<\/p>\n","protected":false},"author":1,"featured_media":0,"parent":0,"menu_order":0,"comment_status":"closed","ping_status":"closed","template":"","meta":{"footnotes":""},"class_list":["post-195","page","type-page","status-publish","hentry"],"_links":{"self":[{"href":"https:\/\/alteridees.be\/index.php\/wp-json\/wp\/v2\/pages\/195","targetHints":{"allow":["GET"]}}],"collection":[{"href":"https:\/\/alteridees.be\/index.php\/wp-json\/wp\/v2\/pages"}],"about":[{"href":"https:\/\/alteridees.be\/index.php\/wp-json\/wp\/v2\/types\/page"}],"author":[{"embeddable":true,"href":"https:\/\/alteridees.be\/index.php\/wp-json\/wp\/v2\/users\/1"}],"replies":[{"embeddable":true,"href":"https:\/\/alteridees.be\/index.php\/wp-json\/wp\/v2\/comments?post=195"}],"version-history":[{"count":32,"href":"https:\/\/alteridees.be\/index.php\/wp-json\/wp\/v2\/pages\/195\/revisions"}],"predecessor-version":[{"id":559,"href":"https:\/\/alteridees.be\/index.php\/wp-json\/wp\/v2\/pages\/195\/revisions\/559"}],"wp:attachment":[{"href":"https:\/\/alteridees.be\/index.php\/wp-json\/wp\/v2\/media?parent=195"}],"curies":[{"name":"wp","href":"https:\/\/api.w.org\/{rel}","templated":true}]}}