{"id":381,"date":"2020-02-17T00:48:47","date_gmt":"2020-02-16T23:48:47","guid":{"rendered":"http:\/\/alteridees.be\/?page_id=381"},"modified":"2020-04-17T16:31:12","modified_gmt":"2020-04-17T14:31:12","slug":"comment-fonctionne-la-mediation","status":"publish","type":"page","link":"https:\/\/alteridees.be\/index.php\/comment-fonctionne-la-mediation\/","title":{"rendered":"Principes de la m\u00e9diation"},"content":{"rendered":"\n<h2 class=\"wp-block-heading\">Qu&rsquo;est-ce que la m\u00e9diation ? <\/h2>\n\n\n\n<p>La m\u00e9diation est une <strong>m\u00e9thode alternative de r\u00e9solution de conflits<\/strong> qui se d\u00e9veloppe de plus en plus et qui est encourag\u00e9e par le gouvernement et les tribunaux. <\/p>\n\n\n\n<p>En m\u00e9diation, on travaille sur des questions et des sujets <strong>concrets<\/strong> qui sont d\u00e9cid\u00e9s par les m\u00e9di\u00e9s eux-m\u00eames.  Il s\u2019agit d&rsquo;un processus qui part du <strong>pr\u00e9sent<\/strong> et est orient\u00e9 vers l&rsquo;<strong>avenir.  <\/strong><\/p>\n\n\n\n<p>Si le m\u00e9diateur qui organise la m\u00e9diation est <strong>agr\u00e9\u00e9 <\/strong>par la Commission F\u00e9d\u00e9rale de M\u00e9diation, les accords issus de cette m\u00e9diation peuvent avoir la m\u00eame force qu&rsquo;un jugement gr\u00e2ce \u00e0 une <strong>homologation<\/strong> par un.e juge. <\/p>\n\n\n\n<h2 class=\"wp-block-heading\">Les missions du m\u00e9diateur consistent \u00e0&nbsp;:<\/h2>\n\n\n\n<ul class=\"wp-block-list\"><li>Cr\u00e9er un climat de <strong>confiance<\/strong>&nbsp;;<\/li><li>Encourager les m\u00e9di\u00e9s \u00e0 <strong>dialoguer&nbsp;<\/strong>; &nbsp;<\/li><li>Favoriser l\u2019<strong>\u00e9coute<\/strong> du point de vue des uns et des autres&nbsp;;<\/li><li>Aider les parties en conflit \u00e0 prendre de la <strong>distance<\/strong> face \u00e0 la situation en se posant de bonnes questions&nbsp;;<\/li><li>Soutenir les m\u00e9di\u00e9s dans leur d\u00e9marche pour trouver un <strong>accord sage<\/strong> pour toutes les parties (avec l\u2019aide d\u2019un m\u00e9diateur agr\u00e9\u00e9, les parties peuvent obtenir un accord qui peut \u00eatre homologu\u00e9 par un juge et lui donne alors la force ex\u00e9cutoire). <\/li><\/ul>\n\n\n\n<h2 class=\"wp-block-heading\">Caract\u00e9ristiques de la m\u00e9diation&nbsp;:<\/h2>\n\n\n\n<ul class=\"wp-block-list\"><li>Processus <strong>volontaire<\/strong> (on peut donc s\u2019en aller sans se justifier si le processus ne r\u00e9pond pas aux attentes)\u00a0;<\/li><li><strong>Participation active<\/strong> des parties, elles restent ma\u00eetresses de ce qu\u2019elles souhaitent faire de leur conflit\u00a0; <\/li><li>Place laiss\u00e9e aux <strong>\u00e9motions\u00a0<\/strong>; <\/li><li><strong>La solution appartient aux parties<\/strong>.<\/li><\/ul>\n\n\n\n<h2 class=\"wp-block-heading\">Les ma\u00eetres mots du m\u00e9diateur?<\/h2>\n\n\n\n<ul class=\"wp-block-list\"><li>Secret professionnel<\/li><li>Neutralit\u00e9\u00a0<\/li><li>Ind\u00e9pendance\u00a0<\/li><li>Impartialit\u00e9\u00a0<\/li><li> Confidentialit\u00e9 <\/li><li>\u00c9coute sans jugement<\/li><li>Responsabilisation des parties\u00a0<\/li><li>Accord sage\u00a0<\/li><\/ul>\n","protected":false},"excerpt":{"rendered":"<p>Qu&rsquo;est-ce que la m\u00e9diation ? La m\u00e9diation est une m\u00e9thode alternative de r\u00e9solution de conflits qui se d\u00e9veloppe de plus en plus et qui est encourag\u00e9e par le gouvernement et les tribunaux. En m\u00e9diation, on travaille sur des questions et des sujets concrets qui sont d\u00e9cid\u00e9s par les m\u00e9di\u00e9s eux-m\u00eames. Il s\u2019agit d&rsquo;un processus qui &hellip;<\/p>\n","protected":false},"author":1,"featured_media":0,"parent":0,"menu_order":0,"comment_status":"closed","ping_status":"closed","template":"","meta":{"footnotes":""},"class_list":["post-381","page","type-page","status-publish","hentry"],"_links":{"self":[{"href":"https:\/\/alteridees.be\/index.php\/wp-json\/wp\/v2\/pages\/381","targetHints":{"allow":["GET"]}}],"collection":[{"href":"https:\/\/alteridees.be\/index.php\/wp-json\/wp\/v2\/pages"}],"about":[{"href":"https:\/\/alteridees.be\/index.php\/wp-json\/wp\/v2\/types\/page"}],"author":[{"embeddable":true,"href":"https:\/\/alteridees.be\/index.php\/wp-json\/wp\/v2\/users\/1"}],"replies":[{"embeddable":true,"href":"https:\/\/alteridees.be\/index.php\/wp-json\/wp\/v2\/comments?post=381"}],"version-history":[{"count":8,"href":"https:\/\/alteridees.be\/index.php\/wp-json\/wp\/v2\/pages\/381\/revisions"}],"predecessor-version":[{"id":472,"href":"https:\/\/alteridees.be\/index.php\/wp-json\/wp\/v2\/pages\/381\/revisions\/472"}],"wp:attachment":[{"href":"https:\/\/alteridees.be\/index.php\/wp-json\/wp\/v2\/media?parent=381"}],"curies":[{"name":"wp","href":"https:\/\/api.w.org\/{rel}","templated":true}]}}