{"id":433,"date":"2020-03-12T14:15:13","date_gmt":"2020-03-12T13:15:13","guid":{"rendered":"http:\/\/alteridees.be\/?page_id=433"},"modified":"2020-04-05T13:09:58","modified_gmt":"2020-04-05T11:09:58","slug":"qui-sommes-nous","status":"publish","type":"page","link":"https:\/\/alteridees.be\/index.php\/qui-sommes-nous\/","title":{"rendered":"Qui sommes-nous?"},"content":{"rendered":"\n<ul class=\"wp-block-list\"><li><a href=\"http:\/\/alteridees.be\/index.php\/equipe\/\">L&rsquo;\u00e9quipe \u00ab\u00a0Alter&rsquo;id\u00e9es\u00a0\u00bb<\/a><\/li><li><a href=\"http:\/\/alteridees.be\/index.php\/eleonore-de-granges\/\">El\u00e9onore de Granges<\/a>, m\u00e9diatrice familiale agr\u00e9\u00e9e et coach scolaire en m\u00e9thodologie<\/li><li><a href=\"http:\/\/alteridees.be\/index.php\/leslie-de-decker\/\">Leslie De Decker<\/a>, m\u00e9diatrice familiale agr\u00e9\u00e9e, formatrice et animatrice d\u2019ateliers<\/li><li><a href=\"http:\/\/alteridees.be\/index.php\/alice-hublet\/\">Alice Hublet<\/a>, m\u00e9diatrice agr\u00e9\u00e9e en mati\u00e8res civile, commerciale et sociale, organisatrice d\u2019ateliers sur mesure<\/li><\/ul>\n","protected":false},"excerpt":{"rendered":"<p>L&rsquo;\u00e9quipe \u00ab\u00a0Alter&rsquo;id\u00e9es\u00a0\u00bb El\u00e9onore de Granges, m\u00e9diatrice familiale agr\u00e9\u00e9e et coach scolaire en m\u00e9thodologie Leslie De Decker, m\u00e9diatrice familiale agr\u00e9\u00e9e, formatrice et animatrice d\u2019ateliers Alice Hublet, m\u00e9diatrice agr\u00e9\u00e9e en mati\u00e8res civile, commerciale et sociale, organisatrice d\u2019ateliers sur mesure<\/p>\n","protected":false},"author":1,"featured_media":0,"parent":0,"menu_order":0,"comment_status":"closed","ping_status":"closed","template":"","meta":{"footnotes":""},"class_list":["post-433","page","type-page","status-publish","hentry"],"_links":{"self":[{"href":"https:\/\/alteridees.be\/index.php\/wp-json\/wp\/v2\/pages\/433","targetHints":{"allow":["GET"]}}],"collection":[{"href":"https:\/\/alteridees.be\/index.php\/wp-json\/wp\/v2\/pages"}],"about":[{"href":"https:\/\/alteridees.be\/index.php\/wp-json\/wp\/v2\/types\/page"}],"author":[{"embeddable":true,"href":"https:\/\/alteridees.be\/index.php\/wp-json\/wp\/v2\/users\/1"}],"replies":[{"embeddable":true,"href":"https:\/\/alteridees.be\/index.php\/wp-json\/wp\/v2\/comments?post=433"}],"version-history":[{"count":3,"href":"https:\/\/alteridees.be\/index.php\/wp-json\/wp\/v2\/pages\/433\/revisions"}],"predecessor-version":[{"id":469,"href":"https:\/\/alteridees.be\/index.php\/wp-json\/wp\/v2\/pages\/433\/revisions\/469"}],"wp:attachment":[{"href":"https:\/\/alteridees.be\/index.php\/wp-json\/wp\/v2\/media?parent=433"}],"curies":[{"name":"wp","href":"https:\/\/api.w.org\/{rel}","templated":true}]}}