{"id":530,"date":"2022-09-22T15:48:13","date_gmt":"2022-09-22T13:48:13","guid":{"rendered":"http:\/\/alteridees.be\/?page_id=530"},"modified":"2022-11-03T20:08:14","modified_gmt":"2022-11-03T19:08:14","slug":"outils-de-la-mediation-au-service-des-conflits-entre-eleves","status":"publish","type":"page","link":"https:\/\/alteridees.be\/index.php\/outils-de-la-mediation-au-service-des-conflits-entre-eleves\/","title":{"rendered":"Outils de la m\u00e9diation au service des conflits entre \u00e9l\u00e8ves"},"content":{"rendered":"\n<div class=\"wp-block-image\"><figure class=\"aligncenter size-large\"><img loading=\"lazy\" decoding=\"async\" width=\"1024\" height=\"1024\" src=\"http:\/\/alteridees.be\/wp-content\/uploads\/2022\/11\/AlterIdees_m\u00e9d.scolaire_atelier_15.11.22.pdf-1024x1024.png\" alt=\"\" class=\"wp-image-553\" srcset=\"https:\/\/alteridees.be\/wp-content\/uploads\/2022\/11\/AlterIdees_m\u00e9d.scolaire_atelier_15.11.22.pdf-1024x1024.png 1024w, https:\/\/alteridees.be\/wp-content\/uploads\/2022\/11\/AlterIdees_m\u00e9d.scolaire_atelier_15.11.22.pdf-300x300.png 300w, https:\/\/alteridees.be\/wp-content\/uploads\/2022\/11\/AlterIdees_m\u00e9d.scolaire_atelier_15.11.22.pdf-150x150.png 150w, https:\/\/alteridees.be\/wp-content\/uploads\/2022\/11\/AlterIdees_m\u00e9d.scolaire_atelier_15.11.22.pdf-768x768.png 768w, https:\/\/alteridees.be\/wp-content\/uploads\/2022\/11\/AlterIdees_m\u00e9d.scolaire_atelier_15.11.22.pdf.png 1080w\" sizes=\"auto, (max-width: 1024px) 100vw, 1024px\" \/><\/figure><\/div>\n","protected":false},"excerpt":{"rendered":"","protected":false},"author":1,"featured_media":0,"parent":0,"menu_order":0,"comment_status":"closed","ping_status":"closed","template":"","meta":{"footnotes":""},"class_list":["post-530","page","type-page","status-publish","hentry"],"_links":{"self":[{"href":"https:\/\/alteridees.be\/index.php\/wp-json\/wp\/v2\/pages\/530","targetHints":{"allow":["GET"]}}],"collection":[{"href":"https:\/\/alteridees.be\/index.php\/wp-json\/wp\/v2\/pages"}],"about":[{"href":"https:\/\/alteridees.be\/index.php\/wp-json\/wp\/v2\/types\/page"}],"author":[{"embeddable":true,"href":"https:\/\/alteridees.be\/index.php\/wp-json\/wp\/v2\/users\/1"}],"replies":[{"embeddable":true,"href":"https:\/\/alteridees.be\/index.php\/wp-json\/wp\/v2\/comments?post=530"}],"version-history":[{"count":7,"href":"https:\/\/alteridees.be\/index.php\/wp-json\/wp\/v2\/pages\/530\/revisions"}],"predecessor-version":[{"id":554,"href":"https:\/\/alteridees.be\/index.php\/wp-json\/wp\/v2\/pages\/530\/revisions\/554"}],"wp:attachment":[{"href":"https:\/\/alteridees.be\/index.php\/wp-json\/wp\/v2\/media?parent=530"}],"curies":[{"name":"wp","href":"https:\/\/api.w.org\/{rel}","templated":true}]}}