{"id":96,"date":"2020-02-04T17:06:37","date_gmt":"2020-02-04T16:06:37","guid":{"rendered":"http:\/\/alteridees.be\/?page_id=96"},"modified":"2020-04-17T16:46:49","modified_gmt":"2020-04-17T14:46:49","slug":"quest-ce-que-la-mediation","status":"publish","type":"page","link":"https:\/\/alteridees.be\/index.php\/quest-ce-que-la-mediation\/","title":{"rendered":"Qu&rsquo;est-ce que la m\u00e9diation?"},"content":{"rendered":"\n<p>Le principe de la m\u00e9diation est de <strong>r\u00e9tablir la communication<\/strong> entre des personnes avec l&rsquo;aide d&rsquo;une tierce personne, le m\u00e9diateur.&nbsp;<\/p>\n\n\n\n<p><strong>Plus d&rsquo;info :<\/strong><\/p>\n\n\n\n<ul class=\"wp-block-list\"><li><a href=\"http:\/\/alteridees.be\/index.php\/comment-fonctionne-la-mediation\/\">Les principes et le fonctionnement de la m\u00e9diation <\/a><\/li><li><a href=\"http:\/\/alteridees.be\/index.php\/mediation-familiale\/\">La m\u00e9diation familiale<\/a><\/li><li><a href=\"http:\/\/alteridees.be\/index.php\/mediation-civile-commerciale\/\">La m\u00e9diation civile et commerciale<\/a><\/li><li><a href=\"http:\/\/alteridees.be\/index.php\/mediation-sociale\/\">La m\u00e9diation sociale<\/a> <\/li><li><a href=\"mailto: info@alteridees.be\">Vous avez une question individuelle \u00e0 nous poser ? <\/a><\/li><\/ul>\n","protected":false},"excerpt":{"rendered":"<p>Le principe de la m\u00e9diation est de r\u00e9tablir la communication entre des personnes avec l&rsquo;aide d&rsquo;une tierce personne, le m\u00e9diateur.&nbsp; Plus d&rsquo;info : Les principes et le fonctionnement de la m\u00e9diation La m\u00e9diation familiale La m\u00e9diation civile et commerciale La m\u00e9diation sociale Vous avez une question individuelle \u00e0 nous poser ?<\/p>\n","protected":false},"author":1,"featured_media":0,"parent":0,"menu_order":0,"comment_status":"closed","ping_status":"closed","template":"","meta":{"footnotes":""},"class_list":["post-96","page","type-page","status-publish","hentry"],"_links":{"self":[{"href":"https:\/\/alteridees.be\/index.php\/wp-json\/wp\/v2\/pages\/96","targetHints":{"allow":["GET"]}}],"collection":[{"href":"https:\/\/alteridees.be\/index.php\/wp-json\/wp\/v2\/pages"}],"about":[{"href":"https:\/\/alteridees.be\/index.php\/wp-json\/wp\/v2\/types\/page"}],"author":[{"embeddable":true,"href":"https:\/\/alteridees.be\/index.php\/wp-json\/wp\/v2\/users\/1"}],"replies":[{"embeddable":true,"href":"https:\/\/alteridees.be\/index.php\/wp-json\/wp\/v2\/comments?post=96"}],"version-history":[{"count":11,"href":"https:\/\/alteridees.be\/index.php\/wp-json\/wp\/v2\/pages\/96\/revisions"}],"predecessor-version":[{"id":485,"href":"https:\/\/alteridees.be\/index.php\/wp-json\/wp\/v2\/pages\/96\/revisions\/485"}],"wp:attachment":[{"href":"https:\/\/alteridees.be\/index.php\/wp-json\/wp\/v2\/media?parent=96"}],"curies":[{"name":"wp","href":"https:\/\/api.w.org\/{rel}","templated":true}]}}