{"id":97,"date":"2020-02-04T17:06:38","date_gmt":"2020-02-04T16:06:38","guid":{"rendered":"http:\/\/alteridees.be\/?page_id=97"},"modified":"2022-09-22T15:50:51","modified_gmt":"2022-09-22T13:50:51","slug":"ateliers","status":"publish","type":"page","link":"https:\/\/alteridees.be\/index.php\/ateliers\/","title":{"rendered":"Ateliers m\u00e9diation"},"content":{"rendered":"\n<h3 class=\"wp-block-heading\"><strong>Pour qui ?<\/strong><\/h3>\n\n\n\n<ul class=\"wp-block-list\"><li>Des <strong>parents<\/strong> d\u00e9sireux d\u2019avoir des outils qui leur permettront de percevoir les conflits qui peuvent survenir dans leur famille, entre leurs enfants, de mani\u00e8re constructive.<\/li><li>Des <strong>professeurs<\/strong>, <strong>\u00e9ducateurs<\/strong>, <strong>directeurs <\/strong>qui voudraient comprendre ce que \u00abl\u2019esprit de m\u00e9diation\u00bb pourrait apporter au sein de leur classe, groupe, \u00e9tablissement.<\/li><li>Des <strong>entreprises <\/strong>soucieuses d\u2019am\u00e9liorer la communication au sein de leur \u00e9quipe en s\u2019inspirant des outils de la m\u00e9diation.<\/li><\/ul>\n\n\n\n<h3 class=\"wp-block-heading\"><strong>O\u00f9 ?<\/strong><\/h3>\n\n\n\n<ul class=\"wp-block-list\"><li>Avenue Hof ten Berg, 44 \u00e0 1200 <strong>Woluwe-Saint-Lambert<\/strong><\/li><li>Avenue Commandant Lothaire, 59 \u00e0 1040 <strong>Etterbeek.<\/strong><\/li><li>Nous pouvons nous <strong>d\u00e9placer <\/strong>dans vos locaux ou proposer des ateliers <strong>virtuels<\/strong>. <\/li><\/ul>\n\n\n\n<h3 class=\"wp-block-heading\"><strong>Comment ?<\/strong><\/h3>\n\n\n\n<p>En prenant contact avec nous pour nous exprimer vos besoins :<\/p>\n\n\n\n<p class=\"has-text-align-center\"><a href=\"alice.hublet@alteridees.be\">alice.hublet@alteridees.be<\/a><br><a href=\"leslie.dedecker@alteridees.be\"> leslie.dedecker@alteridees.be<\/a><\/p>\n\n\n\n<p class=\"has-text-align-center\"><em>Les nouveaux apprentissages et d\u00e9fis sont de r\u00e9els moteurs pour nous. N\u2019h\u00e9sitez pas \u00e0 nous contacter si vous voulez un atelier, une formation ou une conf\u00e9rence sur-mesure pour votre \u00e9cole, vos \u00e9quipes ou votre entreprise.<\/em><\/p>\n","protected":false},"excerpt":{"rendered":"<p>Pour qui ? Des parents d\u00e9sireux d\u2019avoir des outils qui leur permettront de percevoir les conflits qui peuvent survenir dans leur famille, entre leurs enfants, de mani\u00e8re constructive. Des professeurs, \u00e9ducateurs, directeurs qui voudraient comprendre ce que \u00abl\u2019esprit de m\u00e9diation\u00bb pourrait apporter au sein de leur classe, groupe, \u00e9tablissement. Des entreprises soucieuses d\u2019am\u00e9liorer la communication &hellip;<\/p>\n","protected":false},"author":1,"featured_media":0,"parent":0,"menu_order":0,"comment_status":"closed","ping_status":"closed","template":"","meta":{"footnotes":""},"class_list":["post-97","page","type-page","status-publish","hentry"],"_links":{"self":[{"href":"https:\/\/alteridees.be\/index.php\/wp-json\/wp\/v2\/pages\/97","targetHints":{"allow":["GET"]}}],"collection":[{"href":"https:\/\/alteridees.be\/index.php\/wp-json\/wp\/v2\/pages"}],"about":[{"href":"https:\/\/alteridees.be\/index.php\/wp-json\/wp\/v2\/types\/page"}],"author":[{"embeddable":true,"href":"https:\/\/alteridees.be\/index.php\/wp-json\/wp\/v2\/users\/1"}],"replies":[{"embeddable":true,"href":"https:\/\/alteridees.be\/index.php\/wp-json\/wp\/v2\/comments?post=97"}],"version-history":[{"count":12,"href":"https:\/\/alteridees.be\/index.php\/wp-json\/wp\/v2\/pages\/97\/revisions"}],"predecessor-version":[{"id":535,"href":"https:\/\/alteridees.be\/index.php\/wp-json\/wp\/v2\/pages\/97\/revisions\/535"}],"wp:attachment":[{"href":"https:\/\/alteridees.be\/index.php\/wp-json\/wp\/v2\/media?parent=97"}],"curies":[{"name":"wp","href":"https:\/\/api.w.org\/{rel}","templated":true}]}}