{"id":99,"date":"2020-02-04T17:06:38","date_gmt":"2020-02-04T16:06:38","guid":{"rendered":"http:\/\/alteridees.be\/?page_id=99"},"modified":"2025-09-12T13:38:41","modified_gmt":"2025-09-12T11:38:41","slug":"eleonore-de-granges","status":"publish","type":"page","link":"https:\/\/alteridees.be\/index.php\/eleonore-de-granges\/","title":{"rendered":"El\u00e9onore de Granges"},"content":{"rendered":"\n<div class=\"wp-block-media-text alignwide is-stacked-on-mobile has-background\" style=\"background-color:#fbe6ce;grid-template-columns:19% auto\"><figure class=\"wp-block-media-text__media\"><img loading=\"lazy\" decoding=\"async\" width=\"906\" height=\"1024\" src=\"http:\/\/alteridees.be\/wp-content\/uploads\/2020\/02\/eleonorecouleur-906x1024.jpg\" alt=\"\" class=\"wp-image-312 size-full\" srcset=\"https:\/\/alteridees.be\/wp-content\/uploads\/2020\/02\/eleonorecouleur-906x1024.jpg 906w, https:\/\/alteridees.be\/wp-content\/uploads\/2020\/02\/eleonorecouleur-265x300.jpg 265w, https:\/\/alteridees.be\/wp-content\/uploads\/2020\/02\/eleonorecouleur-768x868.jpg 768w\" sizes=\"auto, (max-width: 906px) 100vw, 906px\" \/><\/figure><div class=\"wp-block-media-text__content\">\n<h3 class=\"wp-block-heading\"><strong>M\u00e9diatrice familiale agr\u00e9\u00e9e <\/strong><\/h3>\n\n\n\n<p><a href=\"mailto:eleonoredegranges@alteridees.be\">eleonoredegranges@alteridees.be<\/a><\/p>\n\n\n\n<p>0474\/53.65.14<\/p>\n\n\n\n<p style=\"font-size:18px\">Luxembourg, Bruxelles<\/p>\n\n\n\n<p style=\"font-size:14px\"><strong>Membre de l\u2019Union Belge des M\u00e9diateurs Professionnels (UBMP)<\/strong><\/p>\n<\/div><\/div>\n\n\n\n<h2 class=\"wp-block-heading\">Pourquoi venir me voir ?<\/h2>\n\n\n\n<p>En tant que m\u00e9diatrice familiale, je vous propose&nbsp;de vous accompagner dans la cr\u00e9ation d\u2019un espace de communication afin de:<\/p>\n\n\n\n<ul class=\"wp-block-list\">\n<li><strong>R\u00e9tablir les liens<\/strong> entre les membres de votre famille\u00a0: vos <strong>fr\u00e8res\/soeurs<\/strong>, vos <strong>parents<\/strong> ou vos <strong>enfants\/adolescents<\/strong>;<\/li>\n\n\n\n<li><strong>Co-construire une solution<\/strong> si votre <strong>relation de<\/strong> <strong>couple<\/strong> est conflictuelle, si vous voulez divorcer ou si vous ne savez pas si vous voulez vous s\u00e9parer;<\/li>\n\n\n\n<li><strong>Mettre en place<\/strong> une situation qui  qui tient compte de vos souhaits apr\u00e8s votre s\u00e9paration ou votre divorce (h\u00e9bergement des enfants, contribution alimentaire, communication, etc.);<\/li>\n\n\n\n<li><strong>Apaiser<\/strong> certains conflits qui peuvent appara\u00eetre \u00e0 la suite du d\u00e9c\u00e8s d\u2019un proche.<\/li>\n<\/ul>\n\n\n\n<p>A travers la m\u00e9diation, vous\ntrouverez des outils et l\u2019espace pour dialoguer autour de questions qui vous\nopposent, que vous souhaitez aborder afin de co-construire un accord qui vous\nconvient. <\/p>\n\n\n\n<p>Si vous le d\u00e9sirez, cet accord\npourra \u00eatre homologu\u00e9 par le juge de la famille.<\/p>\n\n\n\n<h2 class=\"wp-block-heading\">Qui suis-je ? <\/h2>\n\n\n\n<p>Mon parcours acad\u00e9mique et professionnel m\u2019a permis d\u2019\u00eatre en permanence en contact \u00e9troit avec les familles et leurs enfants\/adolescents.  Licenci\u00e9e et agr\u00e9g\u00e9e en sciences \u00e9conomiques et sociales, form\u00e9e en gestion mentale, j\u2019accompagne des adolescents en m\u00e9thodologie depuis de nombreuses ann\u00e9es. Parall\u00e8lement, je dirige une association qui vient en <strong>aide aux familles<\/strong> en difficult\u00e9s. C\u2019est tout naturellement que je me suis form\u00e9e en m\u00e9diation familiale afin de plonger au coeur de la <strong>dynamique familiale<\/strong>. <\/p>\n\n\n\n<p>En cr\u00e9ant un <strong>espace de communication<\/strong> , je suis persuad\u00e9e que la m\u00e9diation\nfamiliale permet au <strong>couple en conflit<\/strong>\nde trouver <strong>ses solutions<\/strong> et de garder\nle <strong>lien<\/strong> qui leur permettra de former\nune <strong>\u00e9quipe de parents<\/strong> pour leurs\nenfants. <\/p>\n\n\n\n<p>M\u00e8re de 6 enfants et coach\nscolaire, la m\u00e9diation reste \u00e9galement pour moi un espace id\u00e9al pour cr\u00e9er et\nrecr\u00e9er du lien entre des parents et des adolescents en conflit ou en\ndifficult\u00e9 de communication. Apr\u00e8s une <strong>formation sp\u00e9cialis\u00e9e<\/strong> en m\u00e9diation parents\/adolescents, je suis convaincue que la <strong>m\u00e9diation parents\/adolescents<\/strong> reste un dispositif privil\u00e9gi\u00e9 pour aider le parent et l\u2019adolescent \u00e0 changer la <strong>qualit\u00e9 de leur interaction<\/strong> conflictuelle. Par ses aspects ponctuels, organisationnels et concrets, elle favorise une compr\u00e9hension mutuelle dans un espace de <strong>dialogue constructif<\/strong>.<\/p>\n\n\n\n<p>Aujourd\u2019hui, je suis au coeur de ce qui est essentiel pour moi&nbsp;: <strong>le lien<\/strong>. Tout est possible. Voil\u00e0 mon credo. <\/p>\n","protected":false},"excerpt":{"rendered":"<p>M\u00e9diatrice familiale agr\u00e9\u00e9e eleonoredegranges@alteridees.be 0474\/53.65.14 Luxembourg, Bruxelles Membre de l\u2019Union Belge des M\u00e9diateurs Professionnels (UBMP) Pourquoi venir me voir ? En tant que m\u00e9diatrice familiale, je vous propose&nbsp;de vous accompagner dans la cr\u00e9ation d\u2019un espace de communication afin de: A travers la m\u00e9diation, vous trouverez des outils et l\u2019espace pour dialoguer autour de questions qui &hellip;<\/p>\n","protected":false},"author":1,"featured_media":0,"parent":0,"menu_order":0,"comment_status":"closed","ping_status":"closed","template":"","meta":{"footnotes":""},"class_list":["post-99","page","type-page","status-publish","hentry"],"_links":{"self":[{"href":"https:\/\/alteridees.be\/index.php\/wp-json\/wp\/v2\/pages\/99","targetHints":{"allow":["GET"]}}],"collection":[{"href":"https:\/\/alteridees.be\/index.php\/wp-json\/wp\/v2\/pages"}],"about":[{"href":"https:\/\/alteridees.be\/index.php\/wp-json\/wp\/v2\/types\/page"}],"author":[{"embeddable":true,"href":"https:\/\/alteridees.be\/index.php\/wp-json\/wp\/v2\/users\/1"}],"replies":[{"embeddable":true,"href":"https:\/\/alteridees.be\/index.php\/wp-json\/wp\/v2\/comments?post=99"}],"version-history":[{"count":30,"href":"https:\/\/alteridees.be\/index.php\/wp-json\/wp\/v2\/pages\/99\/revisions"}],"predecessor-version":[{"id":561,"href":"https:\/\/alteridees.be\/index.php\/wp-json\/wp\/v2\/pages\/99\/revisions\/561"}],"wp:attachment":[{"href":"https:\/\/alteridees.be\/index.php\/wp-json\/wp\/v2\/media?parent=99"}],"curies":[{"name":"wp","href":"https:\/\/api.w.org\/{rel}","templated":true}]}}